{"id":2279,"date":"2023-11-23T23:52:41","date_gmt":"2023-11-23T23:52:41","guid":{"rendered":"https:\/\/aqua102perfumeria.com\/?post_type=product&#038;p=2279"},"modified":"2025-10-28T23:02:41","modified_gmt":"2025-10-28T23:02:41","slug":"inspirada-en-sofia-by-sofia-vergara-dm-esencia","status":"publish","type":"product","link":"https:\/\/aqua102perfumeria.com\/index.php\/producto\/inspirada-en-sofia-by-sofia-vergara-dm-esencia\/","title":{"rendered":"INSPIRADA EN SOFIA BY SOFIA VERGARA DM ESENCIA"},"content":{"rendered":"<table width=\"1790\">\n<tbody>\n<tr>\n<td style=\"font-weight: 400;\" width=\"1790\"><span style=\"color: #800080;\"><strong>FLORAL FRUTAL<\/strong>. Las NOTAS DE SALIDA son ciruela, grosella negra, flor de durazno; las NOTAS DE CORAZ\u00d3N son rosa colombiana, orqu\u00eddea, violeta; las NOTAS DE FONDO son s\u00e1ndalo, vainilla, almizcle.<\/span><\/td>\n<\/tr>\n<\/tbody>\n<\/table>\n","protected":false},"excerpt":{"rendered":"<p>FLORAL FRUTAL. Las NOTAS DE SALIDA son ciruela, grosella negra, flor de durazno; las NOTAS DE CORAZ\u00d3N son rosa colombiana, orqu\u00eddea, violeta; las NOTAS DE FONDO son s\u00e1ndalo, vainilla, almizcle.<\/p>\n","protected":false},"featured_media":3200,"comment_status":"open","ping_status":"closed","template":"","meta":{"site-sidebar-layout":"default","site-content-layout":"","ast-site-content-layout":"default","site-content-style":"default","site-sidebar-style":"default","ast-global-header-display":"","ast-banner-title-visibility":"","ast-main-header-display":"","ast-hfb-above-header-display":"","ast-hfb-below-header-display":"","ast-hfb-mobile-header-display":"","site-post-title":"","ast-breadcrumbs-content":"","ast-featured-img":"","footer-sml-layout":"","theme-transparent-header-meta":"default","adv-header-id-meta":"","stick-header-meta":"","header-above-stick-meta":"","header-main-stick-meta":"","header-below-stick-meta":"","astra-migrate-meta-layouts":"set","ast-page-background-enabled":"default","ast-page-background-meta":{"desktop":{"background-color":"var(--ast-global-color-4)","background-image":"","background-repeat":"repeat","background-position":"center center","background-size":"auto","background-attachment":"scroll","background-type":"","background-media":"","overlay-type":"","overlay-color":"","overlay-opacity":"","overlay-gradient":""},"tablet":{"background-color":"","background-image":"","background-repeat":"repeat","background-position":"center center","background-size":"auto","background-attachment":"scroll","background-type":"","background-media":"","overlay-type":"","overlay-color":"","overlay-opacity":"","overlay-gradient":""},"mobile":{"background-color":"","background-image":"","background-repeat":"repeat","background-position":"center center","background-size":"auto","background-attachment":"scroll","background-type":"","background-media":"","overlay-type":"","overlay-color":"","overlay-opacity":"","overlay-gradient":""}},"ast-content-background-meta":{"desktop":{"background-color":"var(--ast-global-color-5)","background-image":"","background-repeat":"repeat","background-position":"center center","background-size":"auto","background-attachment":"scroll","background-type":"","background-media":"","overlay-type":"","overlay-color":"","overlay-opacity":"","overlay-gradient":""},"tablet":{"background-color":"var(--ast-global-color-5)","background-image":"","background-repeat":"repeat","background-position":"center center","background-size":"auto","background-attachment":"scroll","background-type":"","background-media":"","overlay-type":"","overlay-color":"","overlay-opacity":"","overlay-gradient":""},"mobile":{"background-color":"var(--ast-global-color-5)","background-image":"","background-repeat":"repeat","background-position":"center center","background-size":"auto","background-attachment":"scroll","background-type":"","background-media":"","overlay-type":"","overlay-color":"","overlay-opacity":"","overlay-gradient":""}}},"product_cat":[26,34],"product_tag":[],"class_list":{"0":"post-2279","1":"product","2":"type-product","3":"status-publish","4":"has-post-thumbnail","6":"product_cat-fragancias-para-dama","7":"product_cat-envase-generico-dama","8":"desktop-align-left","9":"tablet-align-left","10":"mobile-align-left","12":"first","13":"instock","14":"shipping-taxable","15":"purchasable","16":"product-type-variable"},"yoast_head":"<!-- This site is optimized with the Yoast SEO plugin v23.9 - https:\/\/yoast.com\/wordpress\/plugins\/seo\/ -->\n<title>INSPIRADA EN SOFIA BY SOFIA VERGARA DM ESENCIA - Aqua 102 Perfumer\u00eda<\/title>\n<meta name=\"robots\" content=\"index, follow, max-snippet:-1, max-image-preview:large, max-video-preview:-1\" \/>\n<link rel=\"canonical\" href=\"https:\/\/aqua102perfumeria.com\/index.php\/producto\/inspirada-en-sofia-by-sofia-vergara-dm-esencia\/\" \/>\n<meta property=\"og:locale\" content=\"es_ES\" \/>\n<meta property=\"og:type\" content=\"article\" \/>\n<meta property=\"og:title\" content=\"INSPIRADA EN SOFIA BY SOFIA VERGARA DM ESENCIA - Aqua 102 Perfumer\u00eda\" \/>\n<meta property=\"og:description\" content=\"FLORAL FRUTAL. Las NOTAS DE SALIDA son ciruela, grosella negra, flor de durazno; las NOTAS DE CORAZ\u00d3N son rosa colombiana, orqu\u00eddea, violeta; las NOTAS DE FONDO son s\u00e1ndalo, vainilla, almizcle.\" \/>\n<meta property=\"og:url\" content=\"https:\/\/aqua102perfumeria.com\/index.php\/producto\/inspirada-en-sofia-by-sofia-vergara-dm-esencia\/\" \/>\n<meta property=\"og:site_name\" content=\"Aqua 102 Perfumer\u00eda\" \/>\n<meta property=\"article:modified_time\" content=\"2025-10-28T23:02:41+00:00\" \/>\n<meta property=\"og:image\" content=\"https:\/\/aqua102perfumeria.com\/wp-content\/uploads\/2023\/11\/imagen-envase-1.jpg\" \/>\n\t<meta property=\"og:image:width\" content=\"1536\" \/>\n\t<meta property=\"og:image:height\" content=\"1024\" \/>\n\t<meta property=\"og:image:type\" content=\"image\/jpeg\" \/>\n<meta name=\"twitter:card\" content=\"summary_large_image\" \/>\n<meta name=\"twitter:label1\" content=\"Tiempo de lectura\" \/>\n\t<meta name=\"twitter:data1\" content=\"1 minuto\" \/>\n<script type=\"application\/ld+json\" class=\"yoast-schema-graph\">{\"@context\":\"https:\/\/schema.org\",\"@graph\":[{\"@type\":\"WebPage\",\"@id\":\"https:\/\/aqua102perfumeria.com\/index.php\/producto\/inspirada-en-sofia-by-sofia-vergara-dm-esencia\/\",\"url\":\"https:\/\/aqua102perfumeria.com\/index.php\/producto\/inspirada-en-sofia-by-sofia-vergara-dm-esencia\/\",\"name\":\"INSPIRADA EN SOFIA BY SOFIA VERGARA DM ESENCIA - Aqua 102 Perfumer\u00eda\",\"isPartOf\":{\"@id\":\"https:\/\/aqua102perfumeria.com\/#website\"},\"primaryImageOfPage\":{\"@id\":\"https:\/\/aqua102perfumeria.com\/index.php\/producto\/inspirada-en-sofia-by-sofia-vergara-dm-esencia\/#primaryimage\"},\"image\":{\"@id\":\"https:\/\/aqua102perfumeria.com\/index.php\/producto\/inspirada-en-sofia-by-sofia-vergara-dm-esencia\/#primaryimage\"},\"thumbnailUrl\":\"https:\/\/aqua102perfumeria.com\/wp-content\/uploads\/2023\/11\/imagen-envase-1.jpg\",\"datePublished\":\"2023-11-23T23:52:41+00:00\",\"dateModified\":\"2025-10-28T23:02:41+00:00\",\"breadcrumb\":{\"@id\":\"https:\/\/aqua102perfumeria.com\/index.php\/producto\/inspirada-en-sofia-by-sofia-vergara-dm-esencia\/#breadcrumb\"},\"inLanguage\":\"es\",\"potentialAction\":[{\"@type\":\"ReadAction\",\"target\":[\"https:\/\/aqua102perfumeria.com\/index.php\/producto\/inspirada-en-sofia-by-sofia-vergara-dm-esencia\/\"]}]},{\"@type\":\"ImageObject\",\"inLanguage\":\"es\",\"@id\":\"https:\/\/aqua102perfumeria.com\/index.php\/producto\/inspirada-en-sofia-by-sofia-vergara-dm-esencia\/#primaryimage\",\"url\":\"https:\/\/aqua102perfumeria.com\/wp-content\/uploads\/2023\/11\/imagen-envase-1.jpg\",\"contentUrl\":\"https:\/\/aqua102perfumeria.com\/wp-content\/uploads\/2023\/11\/imagen-envase-1.jpg\",\"width\":1536,\"height\":1024},{\"@type\":\"BreadcrumbList\",\"@id\":\"https:\/\/aqua102perfumeria.com\/index.php\/producto\/inspirada-en-sofia-by-sofia-vergara-dm-esencia\/#breadcrumb\",\"itemListElement\":[{\"@type\":\"ListItem\",\"position\":1,\"name\":\"Portada\",\"item\":\"https:\/\/aqua102perfumeria.com\/\"},{\"@type\":\"ListItem\",\"position\":2,\"name\":\"Nuevas Fragancias\",\"item\":\"https:\/\/aqua102perfumeria.com\/index.php\/tienda\/\"},{\"@type\":\"ListItem\",\"position\":3,\"name\":\"INSPIRADA EN SOFIA BY SOFIA VERGARA DM ESENCIA\"}]},{\"@type\":\"WebSite\",\"@id\":\"https:\/\/aqua102perfumeria.com\/#website\",\"url\":\"https:\/\/aqua102perfumeria.com\/\",\"name\":\"Aqua 102 Perfumer\u00eda\",\"description\":\"\",\"publisher\":{\"@id\":\"https:\/\/aqua102perfumeria.com\/#organization\"},\"potentialAction\":[{\"@type\":\"SearchAction\",\"target\":{\"@type\":\"EntryPoint\",\"urlTemplate\":\"https:\/\/aqua102perfumeria.com\/?s={search_term_string}\"},\"query-input\":{\"@type\":\"PropertyValueSpecification\",\"valueRequired\":true,\"valueName\":\"search_term_string\"}}],\"inLanguage\":\"es\"},{\"@type\":\"Organization\",\"@id\":\"https:\/\/aqua102perfumeria.com\/#organization\",\"name\":\"Aqua 102 Perfumer\u00eda\",\"url\":\"https:\/\/aqua102perfumeria.com\/\",\"logo\":{\"@type\":\"ImageObject\",\"inLanguage\":\"es\",\"@id\":\"https:\/\/aqua102perfumeria.com\/#\/schema\/logo\/image\/\",\"url\":\"https:\/\/aqua102perfumeria.com\/wp-content\/uploads\/2025\/08\/Mesa-de-trabajo-1_1logo.webp\",\"contentUrl\":\"https:\/\/aqua102perfumeria.com\/wp-content\/uploads\/2025\/08\/Mesa-de-trabajo-1_1logo.webp\",\"width\":751,\"height\":251,\"caption\":\"Aqua 102 Perfumer\u00eda\"},\"image\":{\"@id\":\"https:\/\/aqua102perfumeria.com\/#\/schema\/logo\/image\/\"}}]}<\/script>\n<!-- \/ Yoast SEO plugin. -->","yoast_head_json":{"title":"INSPIRADA EN SOFIA BY SOFIA VERGARA DM ESENCIA - Aqua 102 Perfumer\u00eda","robots":{"index":"index","follow":"follow","max-snippet":"max-snippet:-1","max-image-preview":"max-image-preview:large","max-video-preview":"max-video-preview:-1"},"canonical":"https:\/\/aqua102perfumeria.com\/index.php\/producto\/inspirada-en-sofia-by-sofia-vergara-dm-esencia\/","og_locale":"es_ES","og_type":"article","og_title":"INSPIRADA EN SOFIA BY SOFIA VERGARA DM ESENCIA - Aqua 102 Perfumer\u00eda","og_description":"FLORAL FRUTAL. Las NOTAS DE SALIDA son ciruela, grosella negra, flor de durazno; las NOTAS DE CORAZ\u00d3N son rosa colombiana, orqu\u00eddea, violeta; las NOTAS DE FONDO son s\u00e1ndalo, vainilla, almizcle.","og_url":"https:\/\/aqua102perfumeria.com\/index.php\/producto\/inspirada-en-sofia-by-sofia-vergara-dm-esencia\/","og_site_name":"Aqua 102 Perfumer\u00eda","article_modified_time":"2025-10-28T23:02:41+00:00","og_image":[{"width":1536,"height":1024,"url":"https:\/\/aqua102perfumeria.com\/wp-content\/uploads\/2023\/11\/imagen-envase-1.jpg","type":"image\/jpeg"}],"twitter_card":"summary_large_image","twitter_misc":{"Tiempo de lectura":"1 minuto"},"schema":{"@context":"https:\/\/schema.org","@graph":[{"@type":"WebPage","@id":"https:\/\/aqua102perfumeria.com\/index.php\/producto\/inspirada-en-sofia-by-sofia-vergara-dm-esencia\/","url":"https:\/\/aqua102perfumeria.com\/index.php\/producto\/inspirada-en-sofia-by-sofia-vergara-dm-esencia\/","name":"INSPIRADA EN SOFIA BY SOFIA VERGARA DM ESENCIA - Aqua 102 Perfumer\u00eda","isPartOf":{"@id":"https:\/\/aqua102perfumeria.com\/#website"},"primaryImageOfPage":{"@id":"https:\/\/aqua102perfumeria.com\/index.php\/producto\/inspirada-en-sofia-by-sofia-vergara-dm-esencia\/#primaryimage"},"image":{"@id":"https:\/\/aqua102perfumeria.com\/index.php\/producto\/inspirada-en-sofia-by-sofia-vergara-dm-esencia\/#primaryimage"},"thumbnailUrl":"https:\/\/aqua102perfumeria.com\/wp-content\/uploads\/2023\/11\/imagen-envase-1.jpg","datePublished":"2023-11-23T23:52:41+00:00","dateModified":"2025-10-28T23:02:41+00:00","breadcrumb":{"@id":"https:\/\/aqua102perfumeria.com\/index.php\/producto\/inspirada-en-sofia-by-sofia-vergara-dm-esencia\/#breadcrumb"},"inLanguage":"es","potentialAction":[{"@type":"ReadAction","target":["https:\/\/aqua102perfumeria.com\/index.php\/producto\/inspirada-en-sofia-by-sofia-vergara-dm-esencia\/"]}]},{"@type":"ImageObject","inLanguage":"es","@id":"https:\/\/aqua102perfumeria.com\/index.php\/producto\/inspirada-en-sofia-by-sofia-vergara-dm-esencia\/#primaryimage","url":"https:\/\/aqua102perfumeria.com\/wp-content\/uploads\/2023\/11\/imagen-envase-1.jpg","contentUrl":"https:\/\/aqua102perfumeria.com\/wp-content\/uploads\/2023\/11\/imagen-envase-1.jpg","width":1536,"height":1024},{"@type":"BreadcrumbList","@id":"https:\/\/aqua102perfumeria.com\/index.php\/producto\/inspirada-en-sofia-by-sofia-vergara-dm-esencia\/#breadcrumb","itemListElement":[{"@type":"ListItem","position":1,"name":"Portada","item":"https:\/\/aqua102perfumeria.com\/"},{"@type":"ListItem","position":2,"name":"Nuevas Fragancias","item":"https:\/\/aqua102perfumeria.com\/index.php\/tienda\/"},{"@type":"ListItem","position":3,"name":"INSPIRADA EN SOFIA BY SOFIA VERGARA DM ESENCIA"}]},{"@type":"WebSite","@id":"https:\/\/aqua102perfumeria.com\/#website","url":"https:\/\/aqua102perfumeria.com\/","name":"Aqua 102 Perfumer\u00eda","description":"","publisher":{"@id":"https:\/\/aqua102perfumeria.com\/#organization"},"potentialAction":[{"@type":"SearchAction","target":{"@type":"EntryPoint","urlTemplate":"https:\/\/aqua102perfumeria.com\/?s={search_term_string}"},"query-input":{"@type":"PropertyValueSpecification","valueRequired":true,"valueName":"search_term_string"}}],"inLanguage":"es"},{"@type":"Organization","@id":"https:\/\/aqua102perfumeria.com\/#organization","name":"Aqua 102 Perfumer\u00eda","url":"https:\/\/aqua102perfumeria.com\/","logo":{"@type":"ImageObject","inLanguage":"es","@id":"https:\/\/aqua102perfumeria.com\/#\/schema\/logo\/image\/","url":"https:\/\/aqua102perfumeria.com\/wp-content\/uploads\/2025\/08\/Mesa-de-trabajo-1_1logo.webp","contentUrl":"https:\/\/aqua102perfumeria.com\/wp-content\/uploads\/2025\/08\/Mesa-de-trabajo-1_1logo.webp","width":751,"height":251,"caption":"Aqua 102 Perfumer\u00eda"},"image":{"@id":"https:\/\/aqua102perfumeria.com\/#\/schema\/logo\/image\/"}}]}},"_links":{"self":[{"href":"https:\/\/aqua102perfumeria.com\/index.php\/wp-json\/wp\/v2\/product\/2279","targetHints":{"allow":["GET"]}}],"collection":[{"href":"https:\/\/aqua102perfumeria.com\/index.php\/wp-json\/wp\/v2\/product"}],"about":[{"href":"https:\/\/aqua102perfumeria.com\/index.php\/wp-json\/wp\/v2\/types\/product"}],"replies":[{"embeddable":true,"href":"https:\/\/aqua102perfumeria.com\/index.php\/wp-json\/wp\/v2\/comments?post=2279"}],"wp:featuredmedia":[{"embeddable":true,"href":"https:\/\/aqua102perfumeria.com\/index.php\/wp-json\/wp\/v2\/media\/3200"}],"wp:attachment":[{"href":"https:\/\/aqua102perfumeria.com\/index.php\/wp-json\/wp\/v2\/media?parent=2279"}],"wp:term":[{"taxonomy":"product_cat","embeddable":true,"href":"https:\/\/aqua102perfumeria.com\/index.php\/wp-json\/wp\/v2\/product_cat?post=2279"},{"taxonomy":"product_tag","embeddable":true,"href":"https:\/\/aqua102perfumeria.com\/index.php\/wp-json\/wp\/v2\/product_tag?post=2279"}],"curies":[{"name":"wp","href":"https:\/\/api.w.org\/{rel}","templated":true}]}}